{"id":1080,"date":"2022-12-23T14:02:43","date_gmt":"2022-12-23T12:02:43","guid":{"rendered":"https:\/\/urbitarte.com\/?page_id=1080"},"modified":"2026-01-26T10:38:58","modified_gmt":"2026-01-26T08:38:58","slug":"politica-de-cookies","status":"publish","type":"page","link":"https:\/\/urbitarte.com\/es\/politica-de-cookies\/","title":{"rendered":"Pol\u00edtica de Cookies"},"content":{"rendered":"<section>\n<div class=\"container\">\n<p>Cookie es un fichero que se descarga en su ordenador al acceder a determinadas p\u00e1ginas web. Las cookies permiten a una p\u00e1gina web, entre otras cosas, almacenar y recuperar informaci\u00f3n sobre los h\u00e1bitos de navegaci\u00f3n de un usuario o de su equipo y, dependiendo de la informaci\u00f3n que contengan y de la forma en que utilice su equipo, pueden utilizarse para reconocer al usuario. El navegador del usuario memoriza cookies en el disco duro solamente durante la sesi\u00f3n actual ocupando un espacio de memoria m\u00ednimo y no perjudicando al ordenador. Las cookies no contienen ninguna clase de informaci\u00f3n personal espec\u00edfica, y la mayor\u00eda de las mismas se borran del disco duro al finalizar la sesi\u00f3n de navegador (las denominadas cookies de sesi\u00f3n).<\/p>\n<p>La mayor\u00eda de los navegadores aceptan como est\u00e1ndar a las cookies y, con independencia de las mismas, permiten o impiden en los ajustes de seguridad las cookies temporales o memorizadas.<\/p>\n<p><strong>Las cookies que utilizamos en nuestra web<\/strong><\/p>\n<p>Utilizamos estas cookies:<\/p>\n<p>[wcc_category_list]<\/p>\n<p><strong>Administrar preferencias de cookies<\/strong><\/p>\n<p>Puede cambiar sus preferencias de cookies en cualquier momento haciendo clic en el bot\u00f3n [wcc_preference_button]. Esto le permitir\u00e1 volver a visitar el banner de consentimiento de cookies y cambiar sus preferencias o retirar su consentimiento inmediatamente. Adem\u00e1s, cada navegador ofrece diferentes m\u00e9todos para bloquear y eliminar las cookies utilizadas por los sitios web. Puede cambiar la configuraci\u00f3n de su navegador para bloquear o eliminar las cookies. A continuaci\u00f3n, encontrar\u00e1 los enlaces a los documentos de soporte sobre c\u00f3mo administrar y eliminar las cookies de los principales navegadores web.<\/p>\n<p>\nChrome: https:\/\/support.google.com\/accounts\/answer\/32050<br \/>\nSafari: https:\/\/support.apple.com\/en-in\/guide\/safari\/sfri11471\/mac<br \/>\nFirefox: https:\/\/support.mozilla.org\/en-US\/kb\/clear-cookies-and-site-data-firefox?redirectslug=delete-cookies-remove-info-websites-stored&#038;redirectlocale=en-US<br \/>\nMicrosoft Edge: Delete cookies in Microsoft Edge &#8211; Microsoft Support\n<\/p>\n<\/div>\n<\/section>\n","protected":false},"excerpt":{"rendered":"<p>Cookie es un fichero que se descarga en su ordenador al acceder a determinadas p\u00e1ginas web. Las cookies permiten a una p\u00e1gina web, entre otras cosas, almacenar y recuperar informaci\u00f3n sobre los h\u00e1bitos de navegaci\u00f3n de un usuario o de su equipo y, dependiendo de la informaci\u00f3n que contengan y de la forma en que [&hellip;]<\/p>\n","protected":false},"author":1,"featured_media":0,"parent":0,"menu_order":0,"comment_status":"closed","ping_status":"closed","template":"","meta":{"_acf_changed":false,"footnotes":""},"class_list":["post-1080","page","type-page","status-publish","hentry"],"acf":[],"yoast_head":"<!-- This site is optimized with the Yoast SEO plugin v26.8 - https:\/\/yoast.com\/product\/yoast-seo-wordpress\/ -->\n<title>Pol\u00edtica de Cookies | Construcciones Urbitarte<\/title>\n<meta name=\"robots\" content=\"noindex, nofollow\" \/>\n<meta property=\"og:locale\" content=\"es_ES\" \/>\n<meta property=\"og:type\" content=\"article\" \/>\n<meta property=\"og:title\" content=\"Pol\u00edtica de Cookies | Construcciones Urbitarte\" \/>\n<meta property=\"og:description\" content=\"Cookie es un fichero que se descarga en su ordenador al acceder a determinadas p\u00e1ginas web. Las cookies permiten a una p\u00e1gina web, entre otras cosas, almacenar y recuperar informaci\u00f3n sobre los h\u00e1bitos de navegaci\u00f3n de un usuario o de su equipo y, dependiendo de la informaci\u00f3n que contengan y de la forma en que [&hellip;]\" \/>\n<meta property=\"og:url\" content=\"https:\/\/urbitarte.com\/es\/politica-de-cookies\/\" \/>\n<meta property=\"og:site_name\" content=\"Construcciones Urbitarte\" \/>\n<meta property=\"article:modified_time\" content=\"2026-01-26T08:38:58+00:00\" \/>\n<meta name=\"twitter:card\" content=\"summary_large_image\" \/>\n<meta name=\"twitter:label1\" content=\"Tiempo de lectura\" \/>\n\t<meta name=\"twitter:data1\" content=\"1 minuto\" \/>\n<script type=\"application\/ld+json\" class=\"yoast-schema-graph\">{\"@context\":\"https:\/\/schema.org\",\"@graph\":[{\"@type\":\"WebPage\",\"@id\":\"https:\/\/urbitarte.com\/es\/politica-de-cookies\/\",\"url\":\"https:\/\/urbitarte.com\/es\/politica-de-cookies\/\",\"name\":\"Pol\u00edtica de Cookies | Construcciones Urbitarte\",\"isPartOf\":{\"@id\":\"https:\/\/urbitarte.com\/es\/#website\"},\"datePublished\":\"2022-12-23T12:02:43+00:00\",\"dateModified\":\"2026-01-26T08:38:58+00:00\",\"breadcrumb\":{\"@id\":\"https:\/\/urbitarte.com\/es\/politica-de-cookies\/#breadcrumb\"},\"inLanguage\":\"es\",\"potentialAction\":[{\"@type\":\"ReadAction\",\"target\":[\"https:\/\/urbitarte.com\/es\/politica-de-cookies\/\"]}]},{\"@type\":\"BreadcrumbList\",\"@id\":\"https:\/\/urbitarte.com\/es\/politica-de-cookies\/#breadcrumb\",\"itemListElement\":[{\"@type\":\"ListItem\",\"position\":1,\"name\":\"Home\",\"item\":\"https:\/\/urbitarte.com\/es\/\"},{\"@type\":\"ListItem\",\"position\":2,\"name\":\"Pol\u00edtica de Cookies\"}]},{\"@type\":\"WebSite\",\"@id\":\"https:\/\/urbitarte.com\/es\/#website\",\"url\":\"https:\/\/urbitarte.com\/es\/\",\"name\":\"Construcciones Urbitarte\",\"description\":\"Construcci\u00f3n y Reformas\",\"publisher\":{\"@id\":\"https:\/\/urbitarte.com\/es\/#organization\"},\"potentialAction\":[{\"@type\":\"SearchAction\",\"target\":{\"@type\":\"EntryPoint\",\"urlTemplate\":\"https:\/\/urbitarte.com\/es\/?s={search_term_string}\"},\"query-input\":{\"@type\":\"PropertyValueSpecification\",\"valueRequired\":true,\"valueName\":\"search_term_string\"}}],\"inLanguage\":\"es\"},{\"@type\":\"Organization\",\"@id\":\"https:\/\/urbitarte.com\/es\/#organization\",\"name\":\"Construcciones Urbitarte\",\"url\":\"https:\/\/urbitarte.com\/es\/\",\"logo\":{\"@type\":\"ImageObject\",\"inLanguage\":\"es\",\"@id\":\"https:\/\/urbitarte.com\/es\/#\/schema\/logo\/image\/\",\"url\":\"https:\/\/urbitarte.com\/wp-content\/uploads\/2022\/06\/urbitarte-logo.png\",\"contentUrl\":\"https:\/\/urbitarte.com\/wp-content\/uploads\/2022\/06\/urbitarte-logo.png\",\"width\":181,\"height\":84,\"caption\":\"Construcciones Urbitarte\"},\"image\":{\"@id\":\"https:\/\/urbitarte.com\/es\/#\/schema\/logo\/image\/\"}}]}<\/script>\n<!-- \/ Yoast SEO plugin. -->","yoast_head_json":{"title":"Pol\u00edtica de Cookies | Construcciones Urbitarte","robots":{"index":"noindex","follow":"nofollow"},"og_locale":"es_ES","og_type":"article","og_title":"Pol\u00edtica de Cookies | Construcciones Urbitarte","og_description":"Cookie es un fichero que se descarga en su ordenador al acceder a determinadas p\u00e1ginas web. Las cookies permiten a una p\u00e1gina web, entre otras cosas, almacenar y recuperar informaci\u00f3n sobre los h\u00e1bitos de navegaci\u00f3n de un usuario o de su equipo y, dependiendo de la informaci\u00f3n que contengan y de la forma en que [&hellip;]","og_url":"https:\/\/urbitarte.com\/es\/politica-de-cookies\/","og_site_name":"Construcciones Urbitarte","article_modified_time":"2026-01-26T08:38:58+00:00","twitter_card":"summary_large_image","twitter_misc":{"Tiempo de lectura":"1 minuto"},"schema":{"@context":"https:\/\/schema.org","@graph":[{"@type":"WebPage","@id":"https:\/\/urbitarte.com\/es\/politica-de-cookies\/","url":"https:\/\/urbitarte.com\/es\/politica-de-cookies\/","name":"Pol\u00edtica de Cookies | Construcciones Urbitarte","isPartOf":{"@id":"https:\/\/urbitarte.com\/es\/#website"},"datePublished":"2022-12-23T12:02:43+00:00","dateModified":"2026-01-26T08:38:58+00:00","breadcrumb":{"@id":"https:\/\/urbitarte.com\/es\/politica-de-cookies\/#breadcrumb"},"inLanguage":"es","potentialAction":[{"@type":"ReadAction","target":["https:\/\/urbitarte.com\/es\/politica-de-cookies\/"]}]},{"@type":"BreadcrumbList","@id":"https:\/\/urbitarte.com\/es\/politica-de-cookies\/#breadcrumb","itemListElement":[{"@type":"ListItem","position":1,"name":"Home","item":"https:\/\/urbitarte.com\/es\/"},{"@type":"ListItem","position":2,"name":"Pol\u00edtica de Cookies"}]},{"@type":"WebSite","@id":"https:\/\/urbitarte.com\/es\/#website","url":"https:\/\/urbitarte.com\/es\/","name":"Construcciones Urbitarte","description":"Construcci\u00f3n y Reformas","publisher":{"@id":"https:\/\/urbitarte.com\/es\/#organization"},"potentialAction":[{"@type":"SearchAction","target":{"@type":"EntryPoint","urlTemplate":"https:\/\/urbitarte.com\/es\/?s={search_term_string}"},"query-input":{"@type":"PropertyValueSpecification","valueRequired":true,"valueName":"search_term_string"}}],"inLanguage":"es"},{"@type":"Organization","@id":"https:\/\/urbitarte.com\/es\/#organization","name":"Construcciones Urbitarte","url":"https:\/\/urbitarte.com\/es\/","logo":{"@type":"ImageObject","inLanguage":"es","@id":"https:\/\/urbitarte.com\/es\/#\/schema\/logo\/image\/","url":"https:\/\/urbitarte.com\/wp-content\/uploads\/2022\/06\/urbitarte-logo.png","contentUrl":"https:\/\/urbitarte.com\/wp-content\/uploads\/2022\/06\/urbitarte-logo.png","width":181,"height":84,"caption":"Construcciones Urbitarte"},"image":{"@id":"https:\/\/urbitarte.com\/es\/#\/schema\/logo\/image\/"}}]}},"_links":{"self":[{"href":"https:\/\/urbitarte.com\/es\/wp-json\/wp\/v2\/pages\/1080","targetHints":{"allow":["GET"]}}],"collection":[{"href":"https:\/\/urbitarte.com\/es\/wp-json\/wp\/v2\/pages"}],"about":[{"href":"https:\/\/urbitarte.com\/es\/wp-json\/wp\/v2\/types\/page"}],"author":[{"embeddable":true,"href":"https:\/\/urbitarte.com\/es\/wp-json\/wp\/v2\/users\/1"}],"replies":[{"embeddable":true,"href":"https:\/\/urbitarte.com\/es\/wp-json\/wp\/v2\/comments?post=1080"}],"version-history":[{"count":2,"href":"https:\/\/urbitarte.com\/es\/wp-json\/wp\/v2\/pages\/1080\/revisions"}],"predecessor-version":[{"id":3323,"href":"https:\/\/urbitarte.com\/es\/wp-json\/wp\/v2\/pages\/1080\/revisions\/3323"}],"wp:attachment":[{"href":"https:\/\/urbitarte.com\/es\/wp-json\/wp\/v2\/media?parent=1080"}],"curies":[{"name":"wp","href":"https:\/\/api.w.org\/{rel}","templated":true}]}}