{"id":554,"date":"2022-10-05T10:49:58","date_gmt":"2022-10-05T08:49:58","guid":{"rendered":"https:\/\/urbitarte.com\/?page_id=554"},"modified":"2022-10-05T12:32:24","modified_gmt":"2022-10-05T10:32:24","slug":"politica-de-privacidad","status":"publish","type":"page","link":"https:\/\/urbitarte.com\/es\/politica-de-privacidad\/","title":{"rendered":"Pol\u00edtica de privacidad"},"content":{"rendered":"<p>Construcciones Urbitarte, S.A. garantiza el cumplimiento de la normativa vigente en materia de protecci\u00f3n de datos personales, reflejada en la Ley Org\u00e1nica 3\/2018, de 5 de diciembre, de Protecci\u00f3n de Datos Personales y de Garant\u00eda de Derechos Digitales (LOPD GDD). Cumple tambi\u00e9n con el Reglamento (UE) 2016\/679 del Parlamento Europeo y del Consejo de 27 de abril de 2016 relativo a la protecci\u00f3n de las personas f\u00edsicas (RGPD).<\/p>\n<p>El uso del sitio www.urbitarte.com implica la aceptaci\u00f3n de esta Pol\u00edtica de Privacidad as\u00ed como las condiciones incluidas en el Aviso Legal.<\/p>\n<p><strong>Datos del titular<\/strong><\/p>\n<p><strong>Titular:<\/strong> Construcciones Urbitarte, S.A.<br \/>\n<strong>NIF\/CIF:<\/strong> A-20.070.322<br \/>\n<strong>Domicilio:<\/strong> Calle Urola 6, 20730 Azpeitia (Guip\u00fazcoa)<br \/>\n<strong>Correo electr\u00f3nico:<\/strong> urbitarte@urbitarte.com<br \/>\n<strong>Sitio Web:<\/strong> www.urbitarte.com<\/p>\n<p><strong>Bases aplicadas<\/strong><\/p>\n<p>Seg\u00fan las exigencias del nuevo reglamento europeo de protecci\u00f3n de datos:<br \/>\n\u2013 Construcciones Urbitarte, S.A. siempre requerir\u00e1 el consentimiento para el tratamiento de tus datos personales que puede ser para uno o varios fines espec\u00edficos sobre los que te informar\u00e1 previamente con absoluta transparencia.<br \/>\n\u2013 Construcciones Urbitarte, S.A. te solicitar\u00e1 solo los datos estrictamente necesarios para el fin o los fines que los solicita.<br \/>\n\u2013 Los datos se mantendr\u00e1n durante el tiempo estrictamente necesario para el fin o los fines del tratamiento.<br \/>\n\u2013 Tus datos ser\u00e1n tratados de manera segura y confidencial garantizando su integridad.<\/p>\n<p>Al navegar por www.urbitarte.comlos \u00fanicos puntos en los que te pedimos tus datos son:<br \/>\n\u2022 Al contactar a trav\u00e9s de los formularios de contacto o enviar un correo electr\u00f3nico.<br \/>\n\u2022 Al realizar una petici\u00f3n de descarga de cat\u00e1logos.<\/p>\n<p><strong>Tus derechos<\/strong><\/p>\n<p>Construcciones Urbitarte, S.A. te informa que sobre tus datos personales tienes derecho a:<br \/>\n\u2022 Solicitar el acceso a los datos almacenados.<br \/>\n\u2022 Solicitar una rectificaci\u00f3n o la cancelaci\u00f3n.<br \/>\n\u2022 Solicitar la limitaci\u00f3n de su tratamiento.<br \/>\n\u2022 Oponerte al tratamiento.<br \/>\n\u2022 Solicitar la portabilidad de tus datos.<\/p>\n<p>El ejercicio de estos derechos es personal y por tanto debe ser ejercido directamente por el interesado, solicit\u00e1ndolo directamente aConstrucciones Urbitarte, S.A. enviando un correo electr\u00f3nico a urbitarte@urbitarte.com.<\/p>\n<p><strong>Finalidad del tratamiento de datos personales<\/strong><\/p>\n<p>Construcciones Urbitarte, S.A. solicita datos personales entre los que pueden estar: Nombre y apellidos, direcci\u00f3n de correo electr\u00f3nico y n\u00famero de tel\u00e9fono con la finalidad de responder a tus consultas.<br \/>\nConstrucciones Urbitarte, S.A. utiliza esos datos para dar respuesta a tus mensajes, dudas, quejas, comentarios o inquietudes que puedas tener relativas a la informaci\u00f3n incluida en el sitio Web, los servicios que se prestan a trav\u00e9s del sitio Web, el tratamiento de tus datos personales, cuestiones referentes a los textos legales incluidos en el sitio Web, as\u00ed como cualquier otra consulta que puedas tener y que no est\u00e9 sujeta a las condiciones del sitio Web o de la contrataci\u00f3n.<\/p>\n<p><strong>Pol\u00edtica de Cookies<\/strong><\/p>\n<p>Para que este sitio Web funcione correctamente necesita utilizar cookies, que es una informaci\u00f3n que se almacena en tu navegador web.<br \/>\nEn la p\u00e1gina Pol\u00edtica de Cookies puedes consultar toda la informaci\u00f3n relativa a la pol\u00edtica de recogida, la finalidad y el tratamiento de las cookies.<\/p>\n<p><strong>Navegaci\u00f3n web<\/strong><\/p>\n<p>Al navegar por el sitio Web se pueden recoger datos no identificativos, que pueden incluir, la direcci\u00f3n IP, geolocalizaci\u00f3n, un registro de c\u00f3mo se utilizan los servicios y sitios, h\u00e1bitos de navegaci\u00f3n y otros datos que no pueden ser utilizados para identificarte.<\/p>\n<p>El sitio Web utiliza los siguientes servicios de an\u00e1lisis de terceros:<br \/>\nGoogle Analytics: es un servicio de anal\u00edtica web prestado por Google, Inc., una compa\u00f1\u00eda de Delaware cuya oficina principal est\u00e1 en 1600 Amphitheatre Parkway, Mountain View (California), CA 94043, Estados Unidos (\u201cGoogle\u201d). Encontrar\u00e1s m\u00e1s informaci\u00f3n en: https:\/\/analytics.google.com<br \/>\nGoogle Analytics utiliza \u201ccookies\u201d, que son archivos de texto ubicados en tu ordenador, para ayudar a Construcciones Urbitarte, S.A. a analizar el uso que hacen los usuarios del sitio Web. La informaci\u00f3n que genera la cookie acerca del uso del sitio Web (incluyendo tu direcci\u00f3n IP) ser\u00e1 directamente transmitida y archivada por Google en los servidores de Estados Unidos.<br \/>\nConstrucciones Urbitarte, S.A. utiliza la informaci\u00f3n obtenida para obtener datos estad\u00edsticos, analizar tendencias, administrar el sitio, estudiar patrones de navegaci\u00f3n y para recopilar informaci\u00f3n demogr\u00e1fica.<\/p>\n<p><strong>Exactitud y veracidad de los datos<\/strong><\/p>\n<p>Te comprometes a que los datos facilitados a Construcciones Urbitarte, S.A. sean correctos, completos, exactos y vigentes, as\u00ed como a mantenerlos debidamente actualizados.<br \/>\nComo Usuario del sitio Web eres el \u00fanico responsable de la veracidad y correcci\u00f3n de los datos que remitas al sitio exonerando a Construcciones Urbitarte, S.A. de cualquier responsabilidad al respecto.<\/p>\n<p><strong>Aceptaci\u00f3n y consentimiento<\/strong><\/p>\n<p>Como Usuario del sitio Web declaras haber sido informado de las condiciones sobre protecci\u00f3n de datos de car\u00e1cter personal, aceptas y consientes el tratamiento de los mismos por parte de Construcciones Urbitarte, S.A. en la forma y para las finalidades indicadas en esta Pol\u00edtica de Privacidad.<\/p>\n<p><strong>Revocabilidad<\/strong><\/p>\n<p>Para ejercitar tus derechos de acceso, rectificaci\u00f3n, cancelaci\u00f3n, portabilidad y oposici\u00f3n tienes que enviar un correo electr\u00f3nico a urbitarte@urbitarte.comjunto con la prueba v\u00e1lida en derecho como una fotocopia del D.N.I. o equivalente.<br \/>\nEl ejercicio de tus derechos no incluye ning\u00fan dato que Construcciones Urbitarte, S.A. est\u00e9 obligado a conservar con fines administrativos, legales o de seguridad.<\/p>\n<p><strong>Cambios en la Pol\u00edtica de Privacidad<\/strong><\/p>\n<p>Construcciones Urbitarte, S.A. se reserva el derecho a modificar la presente Pol\u00edtica de Privacidad para adaptarla a novedades legislativas o jurisprudenciales, as\u00ed como a pr\u00e1cticas de la industria.<br \/>\nEstas pol\u00edticas estar\u00e1n vigentes hasta que sean modificadas por otras debidamente publicadas.<\/p>\n","protected":false},"excerpt":{"rendered":"<p>Construcciones Urbitarte, S.A. garantiza el cumplimiento de la normativa vigente en materia de protecci\u00f3n de datos personales, reflejada en la Ley Org\u00e1nica 3\/2018, de 5 de diciembre, de Protecci\u00f3n de Datos Personales y de Garant\u00eda de Derechos Digitales (LOPD GDD). Cumple tambi\u00e9n con el Reglamento (UE) 2016\/679 del Parlamento Europeo y del Consejo de 27 [&hellip;]<\/p>\n","protected":false},"author":1,"featured_media":0,"parent":0,"menu_order":0,"comment_status":"closed","ping_status":"closed","template":"","meta":{"_acf_changed":false,"footnotes":""},"class_list":["post-554","page","type-page","status-publish","hentry"],"acf":[],"yoast_head":"<!-- This site is optimized with the Yoast SEO plugin v26.8 - https:\/\/yoast.com\/product\/yoast-seo-wordpress\/ -->\n<title>Pol\u00edtica de privacidad | Construcciones Urbitarte<\/title>\n<meta name=\"robots\" content=\"noindex, nofollow\" \/>\n<meta property=\"og:locale\" content=\"es_ES\" \/>\n<meta property=\"og:type\" content=\"article\" \/>\n<meta property=\"og:title\" content=\"Pol\u00edtica de privacidad | Construcciones Urbitarte\" \/>\n<meta property=\"og:description\" content=\"Construcciones Urbitarte, S.A. garantiza el cumplimiento de la normativa vigente en materia de protecci\u00f3n de datos personales, reflejada en la Ley Org\u00e1nica 3\/2018, de 5 de diciembre, de Protecci\u00f3n de Datos Personales y de Garant\u00eda de Derechos Digitales (LOPD GDD). Cumple tambi\u00e9n con el Reglamento (UE) 2016\/679 del Parlamento Europeo y del Consejo de 27 [&hellip;]\" \/>\n<meta property=\"og:url\" content=\"https:\/\/urbitarte.com\/es\/politica-de-privacidad\/\" \/>\n<meta property=\"og:site_name\" content=\"Construcciones Urbitarte\" \/>\n<meta property=\"article:modified_time\" content=\"2022-10-05T10:32:24+00:00\" \/>\n<meta name=\"twitter:card\" content=\"summary_large_image\" \/>\n<meta name=\"twitter:label1\" content=\"Tiempo de lectura\" \/>\n\t<meta name=\"twitter:data1\" content=\"5 minutos\" \/>\n<script type=\"application\/ld+json\" class=\"yoast-schema-graph\">{\"@context\":\"https:\/\/schema.org\",\"@graph\":[{\"@type\":\"WebPage\",\"@id\":\"https:\/\/urbitarte.com\/es\/politica-de-privacidad\/\",\"url\":\"https:\/\/urbitarte.com\/es\/politica-de-privacidad\/\",\"name\":\"Pol\u00edtica de privacidad | Construcciones Urbitarte\",\"isPartOf\":{\"@id\":\"https:\/\/urbitarte.com\/es\/#website\"},\"datePublished\":\"2022-10-05T08:49:58+00:00\",\"dateModified\":\"2022-10-05T10:32:24+00:00\",\"breadcrumb\":{\"@id\":\"https:\/\/urbitarte.com\/es\/politica-de-privacidad\/#breadcrumb\"},\"inLanguage\":\"es\",\"potentialAction\":[{\"@type\":\"ReadAction\",\"target\":[\"https:\/\/urbitarte.com\/es\/politica-de-privacidad\/\"]}]},{\"@type\":\"BreadcrumbList\",\"@id\":\"https:\/\/urbitarte.com\/es\/politica-de-privacidad\/#breadcrumb\",\"itemListElement\":[{\"@type\":\"ListItem\",\"position\":1,\"name\":\"Home\",\"item\":\"https:\/\/urbitarte.com\/es\/\"},{\"@type\":\"ListItem\",\"position\":2,\"name\":\"Pol\u00edtica de privacidad\"}]},{\"@type\":\"WebSite\",\"@id\":\"https:\/\/urbitarte.com\/es\/#website\",\"url\":\"https:\/\/urbitarte.com\/es\/\",\"name\":\"Construcciones Urbitarte\",\"description\":\"Construcci\u00f3n y Reformas\",\"publisher\":{\"@id\":\"https:\/\/urbitarte.com\/es\/#organization\"},\"potentialAction\":[{\"@type\":\"SearchAction\",\"target\":{\"@type\":\"EntryPoint\",\"urlTemplate\":\"https:\/\/urbitarte.com\/es\/?s={search_term_string}\"},\"query-input\":{\"@type\":\"PropertyValueSpecification\",\"valueRequired\":true,\"valueName\":\"search_term_string\"}}],\"inLanguage\":\"es\"},{\"@type\":\"Organization\",\"@id\":\"https:\/\/urbitarte.com\/es\/#organization\",\"name\":\"Construcciones Urbitarte\",\"url\":\"https:\/\/urbitarte.com\/es\/\",\"logo\":{\"@type\":\"ImageObject\",\"inLanguage\":\"es\",\"@id\":\"https:\/\/urbitarte.com\/es\/#\/schema\/logo\/image\/\",\"url\":\"https:\/\/urbitarte.com\/wp-content\/uploads\/2022\/06\/urbitarte-logo.png\",\"contentUrl\":\"https:\/\/urbitarte.com\/wp-content\/uploads\/2022\/06\/urbitarte-logo.png\",\"width\":181,\"height\":84,\"caption\":\"Construcciones Urbitarte\"},\"image\":{\"@id\":\"https:\/\/urbitarte.com\/es\/#\/schema\/logo\/image\/\"}}]}<\/script>\n<!-- \/ Yoast SEO plugin. -->","yoast_head_json":{"title":"Pol\u00edtica de privacidad | Construcciones Urbitarte","robots":{"index":"noindex","follow":"nofollow"},"og_locale":"es_ES","og_type":"article","og_title":"Pol\u00edtica de privacidad | Construcciones Urbitarte","og_description":"Construcciones Urbitarte, S.A. garantiza el cumplimiento de la normativa vigente en materia de protecci\u00f3n de datos personales, reflejada en la Ley Org\u00e1nica 3\/2018, de 5 de diciembre, de Protecci\u00f3n de Datos Personales y de Garant\u00eda de Derechos Digitales (LOPD GDD). Cumple tambi\u00e9n con el Reglamento (UE) 2016\/679 del Parlamento Europeo y del Consejo de 27 [&hellip;]","og_url":"https:\/\/urbitarte.com\/es\/politica-de-privacidad\/","og_site_name":"Construcciones Urbitarte","article_modified_time":"2022-10-05T10:32:24+00:00","twitter_card":"summary_large_image","twitter_misc":{"Tiempo de lectura":"5 minutos"},"schema":{"@context":"https:\/\/schema.org","@graph":[{"@type":"WebPage","@id":"https:\/\/urbitarte.com\/es\/politica-de-privacidad\/","url":"https:\/\/urbitarte.com\/es\/politica-de-privacidad\/","name":"Pol\u00edtica de privacidad | Construcciones Urbitarte","isPartOf":{"@id":"https:\/\/urbitarte.com\/es\/#website"},"datePublished":"2022-10-05T08:49:58+00:00","dateModified":"2022-10-05T10:32:24+00:00","breadcrumb":{"@id":"https:\/\/urbitarte.com\/es\/politica-de-privacidad\/#breadcrumb"},"inLanguage":"es","potentialAction":[{"@type":"ReadAction","target":["https:\/\/urbitarte.com\/es\/politica-de-privacidad\/"]}]},{"@type":"BreadcrumbList","@id":"https:\/\/urbitarte.com\/es\/politica-de-privacidad\/#breadcrumb","itemListElement":[{"@type":"ListItem","position":1,"name":"Home","item":"https:\/\/urbitarte.com\/es\/"},{"@type":"ListItem","position":2,"name":"Pol\u00edtica de privacidad"}]},{"@type":"WebSite","@id":"https:\/\/urbitarte.com\/es\/#website","url":"https:\/\/urbitarte.com\/es\/","name":"Construcciones Urbitarte","description":"Construcci\u00f3n y Reformas","publisher":{"@id":"https:\/\/urbitarte.com\/es\/#organization"},"potentialAction":[{"@type":"SearchAction","target":{"@type":"EntryPoint","urlTemplate":"https:\/\/urbitarte.com\/es\/?s={search_term_string}"},"query-input":{"@type":"PropertyValueSpecification","valueRequired":true,"valueName":"search_term_string"}}],"inLanguage":"es"},{"@type":"Organization","@id":"https:\/\/urbitarte.com\/es\/#organization","name":"Construcciones Urbitarte","url":"https:\/\/urbitarte.com\/es\/","logo":{"@type":"ImageObject","inLanguage":"es","@id":"https:\/\/urbitarte.com\/es\/#\/schema\/logo\/image\/","url":"https:\/\/urbitarte.com\/wp-content\/uploads\/2022\/06\/urbitarte-logo.png","contentUrl":"https:\/\/urbitarte.com\/wp-content\/uploads\/2022\/06\/urbitarte-logo.png","width":181,"height":84,"caption":"Construcciones Urbitarte"},"image":{"@id":"https:\/\/urbitarte.com\/es\/#\/schema\/logo\/image\/"}}]}},"_links":{"self":[{"href":"https:\/\/urbitarte.com\/es\/wp-json\/wp\/v2\/pages\/554","targetHints":{"allow":["GET"]}}],"collection":[{"href":"https:\/\/urbitarte.com\/es\/wp-json\/wp\/v2\/pages"}],"about":[{"href":"https:\/\/urbitarte.com\/es\/wp-json\/wp\/v2\/types\/page"}],"author":[{"embeddable":true,"href":"https:\/\/urbitarte.com\/es\/wp-json\/wp\/v2\/users\/1"}],"replies":[{"embeddable":true,"href":"https:\/\/urbitarte.com\/es\/wp-json\/wp\/v2\/comments?post=554"}],"version-history":[{"count":2,"href":"https:\/\/urbitarte.com\/es\/wp-json\/wp\/v2\/pages\/554\/revisions"}],"predecessor-version":[{"id":561,"href":"https:\/\/urbitarte.com\/es\/wp-json\/wp\/v2\/pages\/554\/revisions\/561"}],"wp:attachment":[{"href":"https:\/\/urbitarte.com\/es\/wp-json\/wp\/v2\/media?parent=554"}],"curies":[{"name":"wp","href":"https:\/\/api.w.org\/{rel}","templated":true}]}}