{"id":923,"date":"2022-09-29T13:52:52","date_gmt":"2022-09-29T11:52:52","guid":{"rendered":"https:\/\/urbitarte.com\/eraikuntza\/"},"modified":"2023-01-13T15:40:49","modified_gmt":"2023-01-13T13:40:49","slug":"construccion-viviendas-villas","status":"publish","type":"page","link":"https:\/\/urbitarte.com\/es\/construccion-viviendas-villas\/","title":{"rendered":"Construcci\u00f3n"},"content":{"rendered":"<p><strong>Nuestra actividad principal es la construcci\u00f3n de bloques de viviendas<\/strong>. Los servicios que ofrecemos son los siguientes:<\/p>\n<ul>\n<li><a href=\"\/es\/proyectos\/?lan=48\">Aislamiento<\/a><\/li>\n<li><a href=\"\/es\/proyectos\/?lan=40\">Alicatado<\/a><\/li>\n<li><a href=\"\/proyectos\/?lan=45\">Canter\u00eda<\/a><\/li>\n<li><a href=\"\/proyectos\/?lan=49\">Caravista<\/a><\/li>\n<li><a href=\"\/proyectos\/?lan=41\">Cubierta<\/a><\/li>\n<li><a href=\"\/proyectos\/?lan=46\">Estructura de hormig\u00f3n<\/a><\/li>\n<li><a href=\"\/proyectos\/?lan=42\">Fachada ventilada<\/a><\/li>\n<li><a href=\"\/proyectos\/?lan=43\">Gran formato<\/a><\/li>\n<li>L\u00ednea de fida<\/li>\n<li><a href=\"\/proyectos\/?lan=50\">Movimiento de tierras<\/a><\/li>\n<li><a href=\"\/proyectos\/?lan=51\">Pladur<\/a><\/li>\n<li><a href=\"\/proyectos\/?lan=52\">Poliuretano proyectado<\/a><\/li>\n<li><a href=\"\/proyectos\/?lan=55\">Raseo<\/a><\/li>\n<li><a href=\"\/proyectos\/?lan=57\">Recrecido<\/a><\/li>\n<li><a href=\"\/proyectos\/?lan=53\">SATE<\/a><\/li>\n<li><a href=\"\/proyectos\/?lan=54\">Tabiquer\u00eda<\/a><\/li>\n<li><a href=\"\/proyectos\/?lan=47\">Yeso<\/a><\/li>\n<\/ul>\n<p>Los clientes eligen para qu\u00e9 tipo de trabajos nos quieren contratar. Para la construcci\u00f3n de villas nos contratan para gestionar toda la obra, de principio a fin.<\/p>\n<p>Nuestro punto fuerte es que llevamos desde 1979 construyendo viviendas de todo tipo y gracias a esta trayectoria, tenemos un equipo humano experimentado y todos los recursos necesarios para poder ejecutar cualquier tipo de obra:<\/p>\n<ul>\n<li>Varios montacargas<\/li>\n<li>Varios Fenwicks<\/li>\n<li>Almac\u00e9n<\/li>\n<li>Oficina<\/li>\n<li>Varios veh\u00edculos<\/li>\n<\/ul>\n<p>Mostramos especial inter\u00e9s en el control de la documentaci\u00f3n de la obra, empresa y trabajadores, la cual, nuestros clientes nos valoran especialmente.<\/p>\n","protected":false},"excerpt":{"rendered":"<p>Nuestra actividad principal es la construcci\u00f3n de bloques de viviendas. Los servicios que ofrecemos son los siguientes: Aislamiento Alicatado Canter\u00eda Caravista Cubierta Estructura de hormig\u00f3n Fachada ventilada Gran formato L\u00ednea de fida Movimiento de tierras Pladur Poliuretano proyectado Raseo Recrecido SATE Tabiquer\u00eda Yeso Los clientes eligen para qu\u00e9 tipo de trabajos nos quieren contratar. Para [&hellip;]<\/p>\n","protected":false},"author":1,"featured_media":660,"parent":0,"menu_order":0,"comment_status":"closed","ping_status":"closed","template":"template-lanmotak.php","meta":{"_acf_changed":false,"footnotes":""},"class_list":["post-923","page","type-page","status-publish","has-post-thumbnail","hentry"],"acf":[],"yoast_head":"<!-- This site is optimized with the Yoast SEO plugin v26.8 - https:\/\/yoast.com\/product\/yoast-seo-wordpress\/ -->\n<title>Construcciones Urbitarte | Viviendas, Villas | Obra nueva. Gipuzkoa<\/title>\n<meta name=\"description\" content=\"Nuestra actividad principal es la construcci\u00f3n de bloques de viviendas. M\u00e1s de 40 a\u00f1os de experiencia. Aislamientos, alicatado, canter\u00eda, ...\" \/>\n<meta name=\"robots\" content=\"index, follow, max-snippet:-1, max-image-preview:large, max-video-preview:-1\" \/>\n<link rel=\"canonical\" href=\"https:\/\/urbitarte.com\/es\/construccion-viviendas-villas\/\" \/>\n<meta property=\"og:locale\" content=\"es_ES\" \/>\n<meta property=\"og:type\" content=\"article\" \/>\n<meta property=\"og:title\" content=\"Construcciones Urbitarte | Viviendas, Villas | Obra nueva. Gipuzkoa\" \/>\n<meta property=\"og:description\" content=\"Nuestra actividad principal es la construcci\u00f3n de bloques de viviendas. M\u00e1s de 40 a\u00f1os de experiencia. Aislamientos, alicatado, canter\u00eda, ...\" \/>\n<meta property=\"og:url\" content=\"https:\/\/urbitarte.com\/es\/construccion-viviendas-villas\/\" \/>\n<meta property=\"og:site_name\" content=\"Construcciones Urbitarte\" \/>\n<meta property=\"article:modified_time\" content=\"2023-01-13T13:40:49+00:00\" \/>\n<meta property=\"og:image\" content=\"https:\/\/urbitarte.com\/wp-content\/uploads\/2022\/10\/6O5A3733a.jpg\" \/>\n\t<meta property=\"og:image:width\" content=\"1800\" \/>\n\t<meta property=\"og:image:height\" content=\"1200\" \/>\n\t<meta property=\"og:image:type\" content=\"image\/jpeg\" \/>\n<meta name=\"twitter:card\" content=\"summary_large_image\" \/>\n<meta name=\"twitter:label1\" content=\"Tiempo de lectura\" \/>\n\t<meta name=\"twitter:data1\" content=\"1 minuto\" \/>\n<script type=\"application\/ld+json\" class=\"yoast-schema-graph\">{\"@context\":\"https:\/\/schema.org\",\"@graph\":[{\"@type\":\"WebPage\",\"@id\":\"https:\/\/urbitarte.com\/es\/construccion-viviendas-villas\/\",\"url\":\"https:\/\/urbitarte.com\/es\/construccion-viviendas-villas\/\",\"name\":\"Construcciones Urbitarte | Viviendas, Villas | Obra nueva. Gipuzkoa\",\"isPartOf\":{\"@id\":\"https:\/\/urbitarte.com\/es\/#website\"},\"primaryImageOfPage\":{\"@id\":\"https:\/\/urbitarte.com\/es\/construccion-viviendas-villas\/#primaryimage\"},\"image\":{\"@id\":\"https:\/\/urbitarte.com\/es\/construccion-viviendas-villas\/#primaryimage\"},\"thumbnailUrl\":\"https:\/\/urbitarte.com\/wp-content\/uploads\/2022\/10\/6O5A3733a.jpg\",\"datePublished\":\"2022-09-29T11:52:52+00:00\",\"dateModified\":\"2023-01-13T13:40:49+00:00\",\"description\":\"Nuestra actividad principal es la construcci\u00f3n de bloques de viviendas. M\u00e1s de 40 a\u00f1os de experiencia. Aislamientos, alicatado, canter\u00eda, ...\",\"breadcrumb\":{\"@id\":\"https:\/\/urbitarte.com\/es\/construccion-viviendas-villas\/#breadcrumb\"},\"inLanguage\":\"es\",\"potentialAction\":[{\"@type\":\"ReadAction\",\"target\":[\"https:\/\/urbitarte.com\/es\/construccion-viviendas-villas\/\"]}]},{\"@type\":\"ImageObject\",\"inLanguage\":\"es\",\"@id\":\"https:\/\/urbitarte.com\/es\/construccion-viviendas-villas\/#primaryimage\",\"url\":\"https:\/\/urbitarte.com\/wp-content\/uploads\/2022\/10\/6O5A3733a.jpg\",\"contentUrl\":\"https:\/\/urbitarte.com\/wp-content\/uploads\/2022\/10\/6O5A3733a.jpg\",\"width\":1800,\"height\":1200,\"caption\":\"4 Viviendas Unifamiliares (Donostia)- Construcciones Urbitarte\"},{\"@type\":\"BreadcrumbList\",\"@id\":\"https:\/\/urbitarte.com\/es\/construccion-viviendas-villas\/#breadcrumb\",\"itemListElement\":[{\"@type\":\"ListItem\",\"position\":1,\"name\":\"Home\",\"item\":\"https:\/\/urbitarte.com\/es\/\"},{\"@type\":\"ListItem\",\"position\":2,\"name\":\"Construcci\u00f3n\"}]},{\"@type\":\"WebSite\",\"@id\":\"https:\/\/urbitarte.com\/es\/#website\",\"url\":\"https:\/\/urbitarte.com\/es\/\",\"name\":\"Construcciones Urbitarte\",\"description\":\"Construcci\u00f3n y Reformas\",\"publisher\":{\"@id\":\"https:\/\/urbitarte.com\/es\/#organization\"},\"potentialAction\":[{\"@type\":\"SearchAction\",\"target\":{\"@type\":\"EntryPoint\",\"urlTemplate\":\"https:\/\/urbitarte.com\/es\/?s={search_term_string}\"},\"query-input\":{\"@type\":\"PropertyValueSpecification\",\"valueRequired\":true,\"valueName\":\"search_term_string\"}}],\"inLanguage\":\"es\"},{\"@type\":\"Organization\",\"@id\":\"https:\/\/urbitarte.com\/es\/#organization\",\"name\":\"Construcciones Urbitarte\",\"url\":\"https:\/\/urbitarte.com\/es\/\",\"logo\":{\"@type\":\"ImageObject\",\"inLanguage\":\"es\",\"@id\":\"https:\/\/urbitarte.com\/es\/#\/schema\/logo\/image\/\",\"url\":\"https:\/\/urbitarte.com\/wp-content\/uploads\/2022\/06\/urbitarte-logo.png\",\"contentUrl\":\"https:\/\/urbitarte.com\/wp-content\/uploads\/2022\/06\/urbitarte-logo.png\",\"width\":181,\"height\":84,\"caption\":\"Construcciones Urbitarte\"},\"image\":{\"@id\":\"https:\/\/urbitarte.com\/es\/#\/schema\/logo\/image\/\"}}]}<\/script>\n<!-- \/ Yoast SEO plugin. -->","yoast_head_json":{"title":"Construcciones Urbitarte | Viviendas, Villas | Obra nueva. Gipuzkoa","description":"Nuestra actividad principal es la construcci\u00f3n de bloques de viviendas. M\u00e1s de 40 a\u00f1os de experiencia. Aislamientos, alicatado, canter\u00eda, ...","robots":{"index":"index","follow":"follow","max-snippet":"max-snippet:-1","max-image-preview":"max-image-preview:large","max-video-preview":"max-video-preview:-1"},"canonical":"https:\/\/urbitarte.com\/es\/construccion-viviendas-villas\/","og_locale":"es_ES","og_type":"article","og_title":"Construcciones Urbitarte | Viviendas, Villas | Obra nueva. Gipuzkoa","og_description":"Nuestra actividad principal es la construcci\u00f3n de bloques de viviendas. M\u00e1s de 40 a\u00f1os de experiencia. Aislamientos, alicatado, canter\u00eda, ...","og_url":"https:\/\/urbitarte.com\/es\/construccion-viviendas-villas\/","og_site_name":"Construcciones Urbitarte","article_modified_time":"2023-01-13T13:40:49+00:00","og_image":[{"width":1800,"height":1200,"url":"https:\/\/urbitarte.com\/wp-content\/uploads\/2022\/10\/6O5A3733a.jpg","type":"image\/jpeg"}],"twitter_card":"summary_large_image","twitter_misc":{"Tiempo de lectura":"1 minuto"},"schema":{"@context":"https:\/\/schema.org","@graph":[{"@type":"WebPage","@id":"https:\/\/urbitarte.com\/es\/construccion-viviendas-villas\/","url":"https:\/\/urbitarte.com\/es\/construccion-viviendas-villas\/","name":"Construcciones Urbitarte | Viviendas, Villas | Obra nueva. Gipuzkoa","isPartOf":{"@id":"https:\/\/urbitarte.com\/es\/#website"},"primaryImageOfPage":{"@id":"https:\/\/urbitarte.com\/es\/construccion-viviendas-villas\/#primaryimage"},"image":{"@id":"https:\/\/urbitarte.com\/es\/construccion-viviendas-villas\/#primaryimage"},"thumbnailUrl":"https:\/\/urbitarte.com\/wp-content\/uploads\/2022\/10\/6O5A3733a.jpg","datePublished":"2022-09-29T11:52:52+00:00","dateModified":"2023-01-13T13:40:49+00:00","description":"Nuestra actividad principal es la construcci\u00f3n de bloques de viviendas. M\u00e1s de 40 a\u00f1os de experiencia. Aislamientos, alicatado, canter\u00eda, ...","breadcrumb":{"@id":"https:\/\/urbitarte.com\/es\/construccion-viviendas-villas\/#breadcrumb"},"inLanguage":"es","potentialAction":[{"@type":"ReadAction","target":["https:\/\/urbitarte.com\/es\/construccion-viviendas-villas\/"]}]},{"@type":"ImageObject","inLanguage":"es","@id":"https:\/\/urbitarte.com\/es\/construccion-viviendas-villas\/#primaryimage","url":"https:\/\/urbitarte.com\/wp-content\/uploads\/2022\/10\/6O5A3733a.jpg","contentUrl":"https:\/\/urbitarte.com\/wp-content\/uploads\/2022\/10\/6O5A3733a.jpg","width":1800,"height":1200,"caption":"4 Viviendas Unifamiliares (Donostia)- Construcciones Urbitarte"},{"@type":"BreadcrumbList","@id":"https:\/\/urbitarte.com\/es\/construccion-viviendas-villas\/#breadcrumb","itemListElement":[{"@type":"ListItem","position":1,"name":"Home","item":"https:\/\/urbitarte.com\/es\/"},{"@type":"ListItem","position":2,"name":"Construcci\u00f3n"}]},{"@type":"WebSite","@id":"https:\/\/urbitarte.com\/es\/#website","url":"https:\/\/urbitarte.com\/es\/","name":"Construcciones Urbitarte","description":"Construcci\u00f3n y Reformas","publisher":{"@id":"https:\/\/urbitarte.com\/es\/#organization"},"potentialAction":[{"@type":"SearchAction","target":{"@type":"EntryPoint","urlTemplate":"https:\/\/urbitarte.com\/es\/?s={search_term_string}"},"query-input":{"@type":"PropertyValueSpecification","valueRequired":true,"valueName":"search_term_string"}}],"inLanguage":"es"},{"@type":"Organization","@id":"https:\/\/urbitarte.com\/es\/#organization","name":"Construcciones Urbitarte","url":"https:\/\/urbitarte.com\/es\/","logo":{"@type":"ImageObject","inLanguage":"es","@id":"https:\/\/urbitarte.com\/es\/#\/schema\/logo\/image\/","url":"https:\/\/urbitarte.com\/wp-content\/uploads\/2022\/06\/urbitarte-logo.png","contentUrl":"https:\/\/urbitarte.com\/wp-content\/uploads\/2022\/06\/urbitarte-logo.png","width":181,"height":84,"caption":"Construcciones Urbitarte"},"image":{"@id":"https:\/\/urbitarte.com\/es\/#\/schema\/logo\/image\/"}}]}},"_links":{"self":[{"href":"https:\/\/urbitarte.com\/es\/wp-json\/wp\/v2\/pages\/923","targetHints":{"allow":["GET"]}}],"collection":[{"href":"https:\/\/urbitarte.com\/es\/wp-json\/wp\/v2\/pages"}],"about":[{"href":"https:\/\/urbitarte.com\/es\/wp-json\/wp\/v2\/types\/page"}],"author":[{"embeddable":true,"href":"https:\/\/urbitarte.com\/es\/wp-json\/wp\/v2\/users\/1"}],"replies":[{"embeddable":true,"href":"https:\/\/urbitarte.com\/es\/wp-json\/wp\/v2\/comments?post=923"}],"version-history":[{"count":10,"href":"https:\/\/urbitarte.com\/es\/wp-json\/wp\/v2\/pages\/923\/revisions"}],"predecessor-version":[{"id":1029,"href":"https:\/\/urbitarte.com\/es\/wp-json\/wp\/v2\/pages\/923\/revisions\/1029"}],"wp:featuredmedia":[{"embeddable":true,"href":"https:\/\/urbitarte.com\/es\/wp-json\/wp\/v2\/media\/660"}],"wp:attachment":[{"href":"https:\/\/urbitarte.com\/es\/wp-json\/wp\/v2\/media?parent=923"}],"curies":[{"name":"wp","href":"https:\/\/api.w.org\/{rel}","templated":true}]}}